{"id":3279,"date":"2026-04-06T01:46:02","date_gmt":"2026-04-06T01:46:02","guid":{"rendered":"https:\/\/exceptionalcontent.shop\/?post_type=product&#038;p=3279"},"modified":"2026-04-06T01:49:05","modified_gmt":"2026-04-06T01:49:05","slug":"venta-de-primavera-2026-pegatinas-de-pared-de-pvc-pegatinas-autoadhesivas-para-pared-marmol-decoracion-de-pared-accesorios-para-el-hogar-personalizables-faciles-de-instalar-por-ti-mismo-resis","status":"publish","type":"product","link":"https:\/\/exceptionalcontent.shop\/es\/producto\/venta-de-primavera-2026-pegatinas-de-pared-de-pvc-pegatinas-autoadhesivas-para-pared-marmol-decoracion-de-pared-accesorios-para-el-hogar-personalizables-faciles-de-instalar-por-ti-mismo-resis\/","title":{"rendered":"Venta de primavera 2026 | Pegatinas de pared de PVC, pegatinas autoadhesivas para pared, m\u00e1rmol, decoraci\u00f3n de pared, accesorios para el hogar, personalizables, f\u00e1ciles de instalar por ti mismo, resistentes a la humedad y al moho, azulejos econ\u00f3micos."},"content":{"rendered":"<div data-elementor-type=\"product-post\" data-elementor-id=\"3279\" class=\"elementor elementor-3279\" data-elementor-post-type=\"product\">\n\t\t\t\t<div class=\"elementor-element elementor-element-3cc8df77 e-flex e-con-boxed e-con e-parent\" data-id=\"3cc8df77\" data-element_type=\"container\" data-settings=\"{&quot;ekit_has_onepagescroll_dot&quot;:&quot;yes&quot;}\">\n\t\t\t\t\t<div class=\"e-con-inner\">\n\t\t<div class=\"elementor-element elementor-element-3b9da923 e-grid e-con-full e-con e-child\" data-id=\"3b9da923\" data-element_type=\"container\" data-settings=\"{&quot;ekit_has_onepagescroll_dot&quot;:&quot;yes&quot;}\">\n\t\t\t\t<div class=\"elementor-element elementor-element-426229f6 elementor-widget elementor-widget-video\" data-id=\"426229f6\" data-element_type=\"widget\" data-settings=\"{&quot;video_type&quot;:&quot;hosted&quot;,&quot;controls&quot;:&quot;yes&quot;,&quot;ekit_we_effect_on&quot;:&quot;none&quot;}\" data-widget_type=\"video.default\">\n\t\t\t\t<div class=\"elementor-widget-container\">\n\t\t\t\t\t\t\t<div class=\"e-hosted-video elementor-wrapper elementor-open-inline\">\n\t\t\t\t\t<video class=\"elementor-video\" src=\"https:\/\/exceptionalcontent.shop\/wp-content\/uploads\/2026\/04\/video_2026-03-27_16-16-04.mp4\" controls=\"\" preload=\"metadata\" controlslist=\"nodownload\"><\/video>\n\t\t\t\t<\/div>\n\t\t\t\t\t\t<\/div>\n\t\t\t\t<\/div>\n\t\t\t\t<div class=\"elementor-element elementor-element-2f93d600 elementor-widget elementor-widget-text-editor\" data-id=\"2f93d600\" data-element_type=\"widget\" data-settings=\"{&quot;ekit_we_effect_on&quot;:&quot;none&quot;}\" data-widget_type=\"text-editor.default\">\n\t\t\t\t<div class=\"elementor-widget-container\">\n\t\t\t\t\t\t\t\t\t<div class=\"elementor-widget-container\">\n\t\t\t\t\t\t\t\t\t# Product information\n\n<div class=\"product-table\">\n  <div class=\"product-row\">\n    <div class=\"product-label\"><strong>Style<\/strong><\/div>\n    <div class=\"product-value\"><strong>Art Deco<\/strong><\/div>\n  <\/div>\n  <div class=\"product-row\">\n    <div class=\"product-label\"><strong>Color<\/strong><\/div>\n    <div class=\"product-value\"><strong>White Birch<\/strong><\/div>\n  <\/div>\n  <div class=\"product-row\">\n    <div class=\"product-label\"><strong>Finish Types<\/strong><\/div>\n    <div class=\"product-value\"><strong>Textured Surface<\/strong><\/div>\n  <\/div>\n  <div class=\"product-row\">\n    <div class=\"product-label\"><strong>Style Name<\/strong><\/div>\n    <div class=\"product-value\"><strong>Art Deco<\/strong><\/div>\n  <\/div>\n  <div class=\"product-row\">\n    <div class=\"product-label\"><strong>Pattern<\/strong><\/div>\n    <div class=\"product-value\"><strong>Subway<\/strong><\/div>\n  <\/div>\n  <div class=\"product-row\">\n    <div class=\"product-label\"><strong>Shape<\/strong><\/div>\n    <div class=\"product-value\"><strong>Rectangular<\/strong><\/div>\n  <\/div>\n  <div class=\"product-row\">\n    <div class=\"product-label\"><strong>Edge Type<\/strong><\/div>\n    <div class=\"product-value\"><strong>Square Edge<\/strong><\/div>\n  <\/div>\n  <div class=\"product-row\">\n    <div class=\"product-label\"><strong>Size<\/strong><\/div>\n    <div class=\"product-value\"><strong>100 Pieces, 3&#8243;x6&#8243;x0.12&#8243;<\/strong><\/div>\n  <\/div>\n<\/div>\n\n<style>\n.product-table {\n  width: 100%;\n  border-top: 1px solid #000;\n  font-family: Arial, sans-serif;\n}\n\n.product-row {\n  display: flex;\n  border-bottom: 1px solid #000;\n  padding: 12px 0;\n}\n\n.product-label {\n  flex: 1;\n  font-weight: bold;\n  min-width: 200px;\n  padding-right: 20px;\n}\n\n.product-value {\n  flex: 1;\n  min-width: 200px;\n}\n<\/style>\t\t\t\t\t\t\t\t<\/div>\n\t\t\t\t<\/div>\n\t\t\t\t<\/div>\n\t\t\t\t\t<\/div>\n\t\t\t\t<\/div>\n\t\t<div class=\"elementor-element elementor-element-55abf792 e-flex e-con-boxed e-con e-parent\" data-id=\"55abf792\" data-element_type=\"container\" data-settings=\"{&quot;ekit_has_onepagescroll_dot&quot;:&quot;yes&quot;}\">\n\t\t\t\t\t<div class=\"e-con-inner\">\n\t\t\t\t<div class=\"elementor-element elementor-element-1394fada elementor-widget elementor-widget-image\" data-id=\"1394fada\" data-element_type=\"widget\" data-settings=\"{&quot;ekit_we_effect_on&quot;:&quot;none&quot;}\" data-widget_type=\"image.default\">\n\t\t\t\t<div class=\"elementor-widget-container\">\n\t\t\t\t\t\t\t\t\t\t\t\t\t\t\t<img fetchpriority=\"high\" decoding=\"async\" width=\"970\" height=\"600\" src=\"https:\/\/exceptionalcontent.shop\/wp-content\/uploads\/2026\/04\/2301a107-f107-4dca-94bd-ad8500de5bea.__CR00970600_PT0_SX970_V1___.jpg\" class=\"attachment-full size-full wp-image-3299 wvs-archive-product-image\" alt=\"\" srcset=\"https:\/\/exceptionalcontent.shop\/wp-content\/uploads\/2026\/04\/2301a107-f107-4dca-94bd-ad8500de5bea.__CR00970600_PT0_SX970_V1___.jpg 970w, https:\/\/exceptionalcontent.shop\/wp-content\/uploads\/2026\/04\/2301a107-f107-4dca-94bd-ad8500de5bea.__CR00970600_PT0_SX970_V1___-300x186.jpg 300w, https:\/\/exceptionalcontent.shop\/wp-content\/uploads\/2026\/04\/2301a107-f107-4dca-94bd-ad8500de5bea.__CR00970600_PT0_SX970_V1___-768x475.jpg 768w, https:\/\/exceptionalcontent.shop\/wp-content\/uploads\/2026\/04\/2301a107-f107-4dca-94bd-ad8500de5bea.__CR00970600_PT0_SX970_V1___-18x12.jpg 18w, https:\/\/exceptionalcontent.shop\/wp-content\/uploads\/2026\/04\/2301a107-f107-4dca-94bd-ad8500de5bea.__CR00970600_PT0_SX970_V1___-600x371.jpg 600w\" sizes=\"(max-width: 970px) 100vw, 970px\" \/>\t\t\t\t\t\t\t\t\t\t\t\t\t\t\t<\/div>\n\t\t\t\t<\/div>\n\t\t\t\t<div class=\"elementor-element elementor-element-7f03ae0e elementor-widget elementor-widget-heading\" data-id=\"7f03ae0e\" data-element_type=\"widget\" data-settings=\"{&quot;ekit_we_effect_on&quot;:&quot;none&quot;}\" data-widget_type=\"heading.default\">\n\t\t\t\t<div class=\"elementor-widget-container\">\n\t\t\t\t\t<h2 class=\"elementor-heading-title elementor-size-default\">Transform the Old Kitchen and Bring Energy into Your Room<\/h2>\t\t\t\t<\/div>\n\t\t\t\t<\/div>\n\t\t\t\t<div class=\"elementor-element elementor-element-620ec74c elementor-widget elementor-widget-text-editor\" data-id=\"620ec74c\" data-element_type=\"widget\" data-settings=\"{&quot;ekit_we_effect_on&quot;:&quot;none&quot;}\" data-widget_type=\"text-editor.default\">\n\t\t\t\t<div class=\"elementor-widget-container\">\n\t\t\t\t\t\t\t\t\t<div class=\"celwidget aplus-module 3p-module-b aplus-standard\" data-csa-c-id=\"3g2h5j-4rgvwh-1ji95c-59b1md\"><div class=\"aplus-module-wrapper aplus-3p-fixed-width\"><p class=\"a-spacing-base\">Peel &amp; stick PVC tiles offer a new way to transform any space in minutes. availability in color and style choices widely ranges from modern to vintage, you can create a high-end and professional look with these unique tiles. Just peel off the adhesive backing and stick to your wall, save money on contractors. No need grout and special tools, easy do it yourself.<\/p><\/div><\/div><div class=\"celwidget aplus-module 3p-module-b aplus-standard\" data-csa-c-id=\"z9dk9e-zbeof8-61uyms-xcxjqf\">\u00a0<\/div>\t\t\t\t\t\t\t\t<\/div>\n\t\t\t\t<\/div>\n\t\t\t\t<div class=\"elementor-element elementor-element-56a7d77c elementor-widget elementor-widget-image\" data-id=\"56a7d77c\" data-element_type=\"widget\" data-settings=\"{&quot;ekit_we_effect_on&quot;:&quot;none&quot;}\" data-widget_type=\"image.default\">\n\t\t\t\t<div class=\"elementor-widget-container\">\n\t\t\t\t\t\t\t\t\t\t\t\t\t\t\t<img decoding=\"async\" width=\"970\" height=\"600\" src=\"https:\/\/exceptionalcontent.shop\/wp-content\/uploads\/2026\/04\/7690940e-f25b-49db-a964-fef36fec82bf.__CR00970600_PT0_SX970_V1___.jpg\" class=\"attachment-full size-full wp-image-3300 wvs-archive-product-image\" alt=\"\" srcset=\"https:\/\/exceptionalcontent.shop\/wp-content\/uploads\/2026\/04\/7690940e-f25b-49db-a964-fef36fec82bf.__CR00970600_PT0_SX970_V1___.jpg 970w, https:\/\/exceptionalcontent.shop\/wp-content\/uploads\/2026\/04\/7690940e-f25b-49db-a964-fef36fec82bf.__CR00970600_PT0_SX970_V1___-300x186.jpg 300w, https:\/\/exceptionalcontent.shop\/wp-content\/uploads\/2026\/04\/7690940e-f25b-49db-a964-fef36fec82bf.__CR00970600_PT0_SX970_V1___-768x475.jpg 768w, https:\/\/exceptionalcontent.shop\/wp-content\/uploads\/2026\/04\/7690940e-f25b-49db-a964-fef36fec82bf.__CR00970600_PT0_SX970_V1___-18x12.jpg 18w, https:\/\/exceptionalcontent.shop\/wp-content\/uploads\/2026\/04\/7690940e-f25b-49db-a964-fef36fec82bf.__CR00970600_PT0_SX970_V1___-600x371.jpg 600w\" sizes=\"(max-width: 970px) 100vw, 970px\" \/>\t\t\t\t\t\t\t\t\t\t\t\t\t\t\t<\/div>\n\t\t\t\t<\/div>\n\t\t\t\t<div class=\"elementor-element elementor-element-17b8bd54 elementor-widget elementor-widget-heading\" data-id=\"17b8bd54\" data-element_type=\"widget\" data-settings=\"{&quot;ekit_we_effect_on&quot;:&quot;none&quot;}\" data-widget_type=\"heading.default\">\n\t\t\t\t<div class=\"elementor-widget-container\">\n\t\t\t\t\t<h2 class=\"elementor-heading-title elementor-size-default\">Aesthetics &amp; Functionality, Long-lasting &amp; Low Maintenance<\/h2>\t\t\t\t<\/div>\n\t\t\t\t<\/div>\n\t\t\t\t<div class=\"elementor-element elementor-element-7fe7cf2c elementor-widget elementor-widget-text-editor\" data-id=\"7fe7cf2c\" data-element_type=\"widget\" data-settings=\"{&quot;ekit_we_effect_on&quot;:&quot;none&quot;}\" data-widget_type=\"text-editor.default\">\n\t\t\t\t<div class=\"elementor-widget-container\">\n\t\t\t\t\t\t\t\t\t<div class=\"celwidget aplus-module 3p-module-b aplus-standard\" data-csa-c-id=\"z9dk9e-zbeof8-61uyms-xcxjqf\"><div class=\"aplus-module-wrapper aplus-3p-fixed-width\"><ul class=\"a-unordered-list a-vertical\"><li><span class=\"a-list-item\">Realistic wood pattern and texture<\/span><\/li><li><span class=\"a-list-item\">Waterproof<\/span><\/li><li><span class=\"a-list-item\">Heat-resistant<\/span><\/li><li><span class=\"a-list-item\">Stain-proof<\/span><\/li><li><span class=\"a-list-item\">Scratch-resistant<\/span><\/li><li><span class=\"a-list-item\">Resistant to high impact<\/span><\/li><li><span class=\"a-list-item\">Color never fades<\/span><\/li><li><span class=\"a-list-item\">Powerful adhesion<\/span><\/li><\/ul><\/div><\/div>\t\t\t\t\t\t\t\t<\/div>\n\t\t\t\t<\/div>\n\t\t\t\t<div class=\"elementor-element elementor-element-4f15aa92 elementor-widget elementor-widget-image\" data-id=\"4f15aa92\" data-element_type=\"widget\" data-settings=\"{&quot;ekit_we_effect_on&quot;:&quot;none&quot;}\" data-widget_type=\"image.default\">\n\t\t\t\t<div class=\"elementor-widget-container\">\n\t\t\t\t\t\t\t\t\t\t\t\t\t\t\t<img decoding=\"async\" width=\"970\" height=\"600\" src=\"https:\/\/exceptionalcontent.shop\/wp-content\/uploads\/2026\/04\/3406b917-4f46-4fcd-aca9-32f0ee532634.__CR00970600_PT0_SX970_V1___.jpg\" class=\"attachment-full size-full wp-image-3301 wvs-archive-product-image\" alt=\"\" srcset=\"https:\/\/exceptionalcontent.shop\/wp-content\/uploads\/2026\/04\/3406b917-4f46-4fcd-aca9-32f0ee532634.__CR00970600_PT0_SX970_V1___.jpg 970w, https:\/\/exceptionalcontent.shop\/wp-content\/uploads\/2026\/04\/3406b917-4f46-4fcd-aca9-32f0ee532634.__CR00970600_PT0_SX970_V1___-300x186.jpg 300w, https:\/\/exceptionalcontent.shop\/wp-content\/uploads\/2026\/04\/3406b917-4f46-4fcd-aca9-32f0ee532634.__CR00970600_PT0_SX970_V1___-768x475.jpg 768w, https:\/\/exceptionalcontent.shop\/wp-content\/uploads\/2026\/04\/3406b917-4f46-4fcd-aca9-32f0ee532634.__CR00970600_PT0_SX970_V1___-18x12.jpg 18w, https:\/\/exceptionalcontent.shop\/wp-content\/uploads\/2026\/04\/3406b917-4f46-4fcd-aca9-32f0ee532634.__CR00970600_PT0_SX970_V1___-600x371.jpg 600w\" sizes=\"(max-width: 970px) 100vw, 970px\" \/>\t\t\t\t\t\t\t\t\t\t\t\t\t\t\t<\/div>\n\t\t\t\t<\/div>\n\t\t\t\t<div class=\"elementor-element elementor-element-28ef7eef elementor-widget elementor-widget-image\" data-id=\"28ef7eef\" data-element_type=\"widget\" data-settings=\"{&quot;ekit_we_effect_on&quot;:&quot;none&quot;}\" data-widget_type=\"image.default\">\n\t\t\t\t<div class=\"elementor-widget-container\">\n\t\t\t\t\t\t\t\t\t\t\t\t\t\t\t<img loading=\"lazy\" decoding=\"async\" width=\"970\" height=\"600\" src=\"https:\/\/exceptionalcontent.shop\/wp-content\/uploads\/2026\/04\/fa1e9125-1586-48e5-9be9-9958020e8f25.__CR00970600_PT0_SX970_V1___.jpg\" class=\"attachment-full size-full wp-image-3302 wvs-archive-product-image\" alt=\"\" srcset=\"https:\/\/exceptionalcontent.shop\/wp-content\/uploads\/2026\/04\/fa1e9125-1586-48e5-9be9-9958020e8f25.__CR00970600_PT0_SX970_V1___.jpg 970w, https:\/\/exceptionalcontent.shop\/wp-content\/uploads\/2026\/04\/fa1e9125-1586-48e5-9be9-9958020e8f25.__CR00970600_PT0_SX970_V1___-300x186.jpg 300w, https:\/\/exceptionalcontent.shop\/wp-content\/uploads\/2026\/04\/fa1e9125-1586-48e5-9be9-9958020e8f25.__CR00970600_PT0_SX970_V1___-768x475.jpg 768w, https:\/\/exceptionalcontent.shop\/wp-content\/uploads\/2026\/04\/fa1e9125-1586-48e5-9be9-9958020e8f25.__CR00970600_PT0_SX970_V1___-18x12.jpg 18w, https:\/\/exceptionalcontent.shop\/wp-content\/uploads\/2026\/04\/fa1e9125-1586-48e5-9be9-9958020e8f25.__CR00970600_PT0_SX970_V1___-600x371.jpg 600w\" sizes=\"(max-width: 970px) 100vw, 970px\" \/>\t\t\t\t\t\t\t\t\t\t\t\t\t\t\t<\/div>\n\t\t\t\t<\/div>\n\t\t\t\t<div class=\"elementor-element elementor-element-b68b91e elementor-widget elementor-widget-text-editor\" data-id=\"b68b91e\" data-element_type=\"widget\" data-settings=\"{&quot;ekit_we_effect_on&quot;:&quot;none&quot;}\" data-widget_type=\"text-editor.default\">\n\t\t\t\t<div class=\"elementor-widget-container\">\n\t\t\t\t\t\t\t\t\t<ol class=\"a-ordered-list a-vertical\"><li><span class=\"a-list-item\"><span class=\"a-text-bold\">Easy to cut through tiles &#8211; A sharp utility knife or heavy duty scissors will do.<\/span><\/span><\/li><li><span class=\"a-list-item\"><span class=\"a-text-bold\">Easy to peel the backing protective film.<\/span><\/span><\/li><li><span class=\"a-list-item\"><span class=\"a-text-bold\">Easy to handle installation and bring uniqueness with a variety of laying patterns.<\/span><\/span><\/li><\/ol>\t\t\t\t\t\t\t\t<\/div>\n\t\t\t\t<\/div>\n\t\t\t\t\t<\/div>\n\t\t\t\t<\/div>\n\t\t\t\t<\/div>","protected":false},"excerpt":{"rendered":"<h1 class=\"a-size-base-plus a-text-bold\">About this item<\/h1>\n<ul class=\"a-unordered-list a-vertical a-spacing-mini\">\n<li class=\"a-spacing-mini\"><span class=\"a-list-item\">100 sheets solid PVC tiles, 2.95&#8243;x5.9&#8243;x0.12&#8243; each, cover 12.11 square feet. This simple subway pattern is easier to install and plans the layout freely to your imagination.<\/span><\/li>\n<li class=\"a-spacing-mini\"><span class=\"a-list-item\">Made of PVC composite laminate, realistic textured surface, anti-scratch, high impact, color fadeless, easy to cut with the utility knife.<\/span><\/li>\n<li class=\"a-spacing-mini\"><span class=\"a-list-item\">Strong foam backing tape without extra glue, just peel and stick. No deform, no peeling. Easy DIY, quick to install and save contractor costs.<\/span><\/li>\n<\/ul>","protected":false},"featured_media":3286,"comment_status":"open","ping_status":"closed","template":"","meta":{"_acf_changed":false},"product_brand":[],"product_cat":[35],"product_tag":[],"class_list":{"0":"post-3279","1":"product","2":"type-product","3":"status-publish","4":"has-post-thumbnail","6":"product_cat-sale","8":"first","9":"instock","10":"sale","11":"shipping-taxable","12":"purchasable","13":"product-type-variable","14":"has-default-attributes","15":"wvs-archive-product-wrapper"},"acf":[],"_links":{"self":[{"href":"https:\/\/exceptionalcontent.shop\/es\/wp-json\/wp\/v2\/product\/3279","targetHints":{"allow":["GET"]}}],"collection":[{"href":"https:\/\/exceptionalcontent.shop\/es\/wp-json\/wp\/v2\/product"}],"about":[{"href":"https:\/\/exceptionalcontent.shop\/es\/wp-json\/wp\/v2\/types\/product"}],"replies":[{"embeddable":true,"href":"https:\/\/exceptionalcontent.shop\/es\/wp-json\/wp\/v2\/comments?post=3279"}],"version-history":[{"count":4,"href":"https:\/\/exceptionalcontent.shop\/es\/wp-json\/wp\/v2\/product\/3279\/revisions"}],"predecessor-version":[{"id":3310,"href":"https:\/\/exceptionalcontent.shop\/es\/wp-json\/wp\/v2\/product\/3279\/revisions\/3310"}],"wp:featuredmedia":[{"embeddable":true,"href":"https:\/\/exceptionalcontent.shop\/es\/wp-json\/wp\/v2\/media\/3286"}],"wp:attachment":[{"href":"https:\/\/exceptionalcontent.shop\/es\/wp-json\/wp\/v2\/media?parent=3279"}],"wp:term":[{"taxonomy":"product_brand","embeddable":true,"href":"https:\/\/exceptionalcontent.shop\/es\/wp-json\/wp\/v2\/product_brand?post=3279"},{"taxonomy":"product_cat","embeddable":true,"href":"https:\/\/exceptionalcontent.shop\/es\/wp-json\/wp\/v2\/product_cat?post=3279"},{"taxonomy":"product_tag","embeddable":true,"href":"https:\/\/exceptionalcontent.shop\/es\/wp-json\/wp\/v2\/product_tag?post=3279"}],"curies":[{"name":"wp","href":"https:\/\/api.w.org\/{rel}","templated":true}]}}